{"id":72,"date":"2026-02-24T09:49:47","date_gmt":"2026-02-24T09:49:47","guid":{"rendered":"https:\/\/goldbeckpferde.de\/?page_id=72"},"modified":"2026-02-24T09:49:50","modified_gmt":"2026-02-24T09:49:50","slug":"startseite","status":"publish","type":"page","link":"https:\/\/goldbeckpferde.de\/","title":{"rendered":"Startseite"},"content":{"rendered":"<div class=\"\" style=\"\" >\n  \n    <section class=\"u-clearfix u-custom-color-4 u-section-1\" id=\"block-2\">\n      <div class=\"u-clearfix u-sheet u-sheet-1\">\n        <img decoding=\"async\" class=\"u-expanded-width-xs u-image u-image-default u-image-1\" src=\"https:\/\/goldbeckpferde.de\/wp-content\/uploads\/2026\/02\/Header-zwei-1-scaled.jpg\" alt=\"\" data-image-width=\"4737\" data-image-height=\"1824\">\n      <\/div>\n    <\/section>\n    <section class=\"u-align-center u-clearfix u-container-align-center-lg u-container-align-center-md u-container-align-center-sm u-container-align-center-xl u-section-2\" id=\"block-3\">\n      <div class=\"u-clearfix u-sheet u-valign-middle-md u-valign-middle-xs u-sheet-1\">\n        <h2 class=\"u-align-center u-text u-text-custom-color-5 u-text-default-xl u-text-1\"> Herzlich Willkommen in Goldbeck <\/h2>\n        <p class=\"u-align-center u-text u-text-2\"> Seit \u00fcber 30 Jahren betreiben wir in Goldbeck einen Pferdezucht - und Pensionsstall. <br>Uns ist eine pferdegerechte Haltung und gute Futtergrundlage (aus eigener Ernte) sehr wichtig! &nbsp; <br>Der \nHof liegt direkt am weitl\u00e4ufigen Reitgel\u00e4nde um Neustadt\/Dosse und \nbietet sowohl f\u00fcr Freizeit- als auch f\u00fcr Turnierreiter beste \nTrainingsm\u00f6glichkeiten.\nF\u00fcr einen mehrt\u00e4gigen Urlaub steht unseren G\u00e4sten eine moderne und gem\u00fctliche Ferienwohnung zur Verf\u00fcgung!<br>Unsere NEWS gibt es&nbsp; hier auf&nbsp; <span style=\"font-weight: 700; text-decoration: underline !important;\" class=\"u-text-custom-color-5\">\n            <a href=\"https:\/\/www.instagram.com\/goldbeckpferde\/\" class=\"u-active-none u-border-none u-btn u-button-link u-button-style u-hover-none u-none u-text-custom-color-5 u-btn-1\" target=\"_blank\">INSTAGRAM<\/a><\/span><span style=\"font-weight: 700;\"><\/span>\n          <br>\n        <\/p>\n        <div class=\"u-expanded-width u-list u-list-1\">\n          <div class=\"u-repeater u-repeater-1\">\n            <div class=\"u-align-center u-container-align-center u-container-style u-image u-image-default u-list-item u-repeater-item u-shape-round u-image-1\" data-image-width=\"853\" data-image-height=\"519\" style=\"background-image: url(&quot;https:\/\/goldbeckpferde.de\/wp-content\/uploads\/2026\/02\/Pension-1.jpg&quot;);\">\n              <div class=\"u-container-layout u-similar-container u-valign-bottom-lg u-valign-bottom-md u-valign-bottom-sm u-valign-bottom-xl u-container-layout-1\">\n                <div class=\"custom-expanded u-container-style u-group u-white u-group-1\">\n                  <div class=\"u-container-layout u-valign-middle-md u-valign-middle-xl u-container-layout-2\">\n                    <h6 class=\"u-align-center u-hover-feature u-text u-text-3\">\n                      <a class=\"u-active-none u-border-none u-btn u-button-link u-button-style u-hover-none u-none u-text-custom-color-5 u-btn-2\" href=\"https:\/\/goldbeckpferde.de\/?page_id=71\" title=\"Pferdepension\">Pferdepensio<span style=\"font-size: 1.25rem;\"><\/span>n\n                      <\/a>\n                    <\/h6>\n                  <\/div>\n                <\/div>\n              <\/div>\n            <\/div>\n            <div class=\"u-align-center u-container-align-center u-container-style u-image u-image-default u-list-item u-repeater-item u-shape-round u-image-2\" data-image-width=\"1000\" data-image-height=\"679\" style=\"background-image: url(&quot;https:\/\/goldbeckpferde.de\/wp-content\/uploads\/2026\/02\/Ferien-1.jpg&quot;);\">\n              <div class=\"u-container-layout u-similar-container u-valign-bottom-lg u-valign-bottom-md u-valign-bottom-sm u-valign-bottom-xl u-container-layout-3\">\n                <div class=\"custom-expanded u-container-style u-group u-white u-group-2\">\n                  <div class=\"u-container-layout u-valign-middle-md u-valign-middle-xl u-container-layout-4\">\n                    <h6 class=\"u-align-center u-hover-feature u-text u-text-custom-color-5 u-text-4\"><span style=\"font-size: 1.25rem; text-decoration: underline !important;\">Ferienwohnung <\/span>\n                    <\/h6>\n                  <\/div>\n                <\/div>\n              <\/div>\n            <\/div>\n            <div class=\"u-align-center u-container-align-center u-container-style u-image u-image-default u-list-item u-repeater-item u-shape-round u-image-3\" data-image-width=\"567\" data-image-height=\"440\" style=\"background-image: url(&quot;https:\/\/goldbeckpferde.de\/wp-content\/uploads\/2026\/02\/Hund-1.jpg&quot;);\">\n              <div class=\"u-container-layout u-similar-container u-valign-bottom-lg u-valign-bottom-md u-valign-bottom-sm u-valign-bottom-xl u-container-layout-5\">\n                <div class=\"custom-expanded u-container-style u-group u-white u-group-3\" data-href=\"https:\/\/goldbeckpferde.de\/?page_id=74\" title=\"Kontakt\">\n                  <div class=\"u-container-layout u-valign-middle-md u-valign-middle-xl u-container-layout-6\">\n                    <h6 class=\"u-align-center u-hover-feature u-text u-text-custom-color-5 u-text-5\"><span style=\"text-decoration: underline !important;\">Kont<span style=\"font-size: 1.25rem;\"><\/span>akt<\/span>\n                    <\/h6>\n                  <\/div>\n                <\/div>\n              <\/div>\n            <\/div>\n          <\/div>\n        <\/div>\n      <\/div>\n      \n      \n      \n      \n      \n      \n    <\/section>\n    <section class=\"u-align-center u-clearfix u-container-align-center-lg u-container-align-center-md u-container-align-center-sm u-container-align-center-xl u-custom-color-3 u-section-3\" id=\"block-5\">\n      \n      \n      \n      \n      \n      \n      \n      \n      \n      \n      \n      \n      \n      \n      \n      \n      \n      \n      \n      \n      \n      \n      \n      <div class=\"u-clearfix u-sheet u-valign-middle-sm u-sheet-1\">\n        <h2 class=\"u-align-center u-text u-text-default u-text-1\" data-animation-name=\"flipIn\" data-animation-duration=\"1500\" data-animation-delay=\"500\" data-animation-direction=\"X\">GoldbeckPferde<br>\n        <\/h2>\n        <p class=\"u-align-center u-text u-text-2\" data-animation-name=\"customAnimationIn\" data-animation-duration=\"1500\" data-animation-delay=\"250\"> Die Natur des Pferdes stellt hohe Anspr\u00fcche an eine tiergerechte Haltung. Jedes Pferd ben\u00f6tigt neben ausreichend frischem Wasser und einer \nfaserreichen F\u00fctterung eben auch t\u00e4glichen Auslauf und soziale Kontakte \nf\u00fcr ein artgerechtes und rundum zufriedenes Pferdeleben.<br>Das bieten wir in Goldbeck jedem Pferd, egal ob Zuchtstute, Fohlen, Sportpferd oder Rentner.<br>\n        <\/p>\n        <img decoding=\"async\" class=\"u-expanded-width u-image u-image-default u-image-1\" src=\"https:\/\/goldbeckpferde.de\/wp-content\/uploads\/2026\/02\/Coll-Pferde-1-scaled.jpg\" alt=\"\" data-image-width=\"4708\" data-image-height=\"1200\">\n      <\/div>\n      \n      \n      \n      \n      \n      \n      \n      \n      \n      \n      \n      \n    <\/section>\n    \n    \n    \n    \n  \n<\/div>","protected":false},"excerpt":{"rendered":"<p>Herzlich Willkommen in Goldbeck Seit \u00fcber 30 Jahren betreiben wir in Goldbeck einen Pferdezucht &#8211; und Pensionsstall. Uns ist eine pferdegerechte Haltung und gute Futtergrundlage (aus eigener Ernte) sehr wichtig! &nbsp; Der Hof liegt direkt am weitl\u00e4ufigen Reitgel\u00e4nde um Neustadt\/Dosse und bietet sowohl f\u00fcr Freizeit- als auch f\u00fcr Turnierreiter beste Trainingsm\u00f6glichkeiten. F\u00fcr einen mehrt\u00e4gigen Urlaub [&hellip;]<\/p>\n","protected":false},"author":1,"featured_media":0,"parent":0,"menu_order":2,"comment_status":"closed","ping_status":"closed","template":"","meta":{"footnotes":""},"class_list":["post-72","page","type-page","status-publish","hentry"],"_links":{"self":[{"href":"https:\/\/goldbeckpferde.de\/index.php?rest_route=\/wp\/v2\/pages\/72","targetHints":{"allow":["GET"]}}],"collection":[{"href":"https:\/\/goldbeckpferde.de\/index.php?rest_route=\/wp\/v2\/pages"}],"about":[{"href":"https:\/\/goldbeckpferde.de\/index.php?rest_route=\/wp\/v2\/types\/page"}],"author":[{"embeddable":true,"href":"https:\/\/goldbeckpferde.de\/index.php?rest_route=\/wp\/v2\/users\/1"}],"replies":[{"embeddable":true,"href":"https:\/\/goldbeckpferde.de\/index.php?rest_route=%2Fwp%2Fv2%2Fcomments&post=72"}],"version-history":[{"count":1,"href":"https:\/\/goldbeckpferde.de\/index.php?rest_route=\/wp\/v2\/pages\/72\/revisions"}],"predecessor-version":[{"id":76,"href":"https:\/\/goldbeckpferde.de\/index.php?rest_route=\/wp\/v2\/pages\/72\/revisions\/76"}],"wp:attachment":[{"href":"https:\/\/goldbeckpferde.de\/index.php?rest_route=%2Fwp%2Fv2%2Fmedia&parent=72"}],"curies":[{"name":"wp","href":"https:\/\/api.w.org\/{rel}","templated":true}]}}